{"id":586,"date":"2023-08-24T10:21:37","date_gmt":"2023-08-24T08:21:37","guid":{"rendered":"http:\/\/www.residence-elettra.it\/residence-elettra-lago-didro\/"},"modified":"2024-08-20T10:59:13","modified_gmt":"2024-08-20T08:59:13","slug":"residence-elettra-lago-didro","status":"publish","type":"page","link":"https:\/\/www.residence-elettra.it\/de\/","title":{"rendered":"Residence Elettra Lago d&#8217;Idro"},"content":{"rendered":"<section class=\"l-section wpb_row height_medium full_height valign_center with_slider\"><div class=\"l-section-slider\"><div class=\"w-slider style_none fit_cover nav_none count_5\"><div class=\"w-slider-h\"><div class=\"royalSlider\"><div class=\"rsContent\"><a class=\"rsImg\" data-rsw=\"1920\" data-rsh=\"1279\" href=\"https:\/\/www.residence-elettra.it\/wp-content\/uploads\/2023\/08\/DJI_0967.jpg\"><span data-alt=\"\"><\/span><\/a><\/div><div class=\"rsContent\"><a class=\"rsImg\" data-rsw=\"1920\" data-rsh=\"1279\" href=\"https:\/\/www.residence-elettra.it\/wp-content\/uploads\/2023\/08\/DJI_0970.jpg\"><span data-alt=\"\"><\/span><\/a><\/div><div class=\"rsContent\"><a class=\"rsImg\" data-rsw=\"1920\" data-rsh=\"1281\" href=\"https:\/\/www.residence-elettra.it\/wp-content\/uploads\/2023\/08\/OND04682.jpg\"><span data-alt=\"\"><\/span><\/a><\/div><div class=\"rsContent\"><a class=\"rsImg\" data-rsw=\"1920\" data-rsh=\"1281\" href=\"https:\/\/www.residence-elettra.it\/wp-content\/uploads\/2023\/08\/OND04782.jpg\"><span data-alt=\"\"><\/span><\/a><\/div><div class=\"rsContent\"><a class=\"rsImg\" data-rsw=\"1920\" data-rsh=\"1281\" href=\"https:\/\/www.residence-elettra.it\/wp-content\/uploads\/2023\/08\/OND04933.jpg\"><span data-alt=\"\"><\/span><\/a><\/div><\/div><img decoding=\"async\" src=\"https:\/\/www.residence-elettra.it\/wp-content\/uploads\/2023\/08\/DJI_0967.jpg\" width=\"1920\" height=\"1279\" alt loading=\"lazy\"><\/div><div class=\"w-slider-json\" onclick='return {&quot;autoScaleSlider&quot;:true,&quot;addActiveClass&quot;:true,&quot;loop&quot;:true,&quot;fadeInLoadedSlide&quot;:false,&quot;slidesSpacing&quot;:0,&quot;imageScalePadding&quot;:0,&quot;numImagesToPreload&quot;:2,&quot;arrowsNav&quot;:false,&quot;arrowsNavAutoHide&quot;:false,&quot;transitionType&quot;:&quot;fade&quot;,&quot;transitionSpeed&quot;:1500,&quot;block&quot;:{&quot;moveEffect&quot;:&quot;none&quot;,&quot;speed&quot;:300},&quot;thumbs&quot;:{&quot;fitInViewport&quot;:false,&quot;firstMargin&quot;:false,&quot;spacing&quot;:4},&quot;controlNavigation&quot;:&quot;none&quot;,&quot;autoplay&quot;:{&quot;enabled&quot;:true,&quot;pauseOnHover&quot;:false,&quot;delay&quot;:2000},&quot;autoScaleSliderWidth&quot;:1920,&quot;autoScaleSliderHeight&quot;:1279}'><\/div><\/div><\/div><div class=\"l-section-overlay\" style=\"background:rgba(0,0,0,0.30)\"><\/div><div class=\"l-section-h i-cf\"><div class=\"g-cols vc_row via_grid cols_1-4-1 laptops-cols_inherit tablets-cols_inherit mobiles-cols_1 valign_top type_default stacking_default\"><div class=\"wpb_column vc_column_container\"><div class=\"vc_column-inner\"><\/div><\/div><div class=\"wpb_column vc_column_container\"><div class=\"vc_column-inner\"><div class=\"w-image us_custom_9f05c329 us_animate_this align_center\"><div class=\"w-image-h\"><img decoding=\"async\" width=\"450\" height=\"320\" src=\"https:\/\/www.residence-elettra.it\/wp-content\/uploads\/2023\/08\/logo-bianco.svg\" class=\"attachment-large size-large\" alt=\"\" loading=\"lazy\" \/><\/div><\/div><div class=\"w-separator size_small\"><\/div><h1 class=\"w-text us_custom_3a88103b has_text_color us_animate_this\"><span class=\"w-text-h\"><span class=\"w-text-value\">Ferienwohnungen am Idrosee<\/span><\/span><\/h1><\/div><\/div><div class=\"wpb_column vc_column_container\"><div class=\"vc_column-inner\"><\/div><\/div><\/div><\/div><\/section><section class=\"l-section wpb_row height_medium\"><div class=\"l-section-h i-cf\"><div class=\"g-cols vc_row via_grid cols_custom laptops-cols_inherit tablets-cols_inherit mobiles-cols_1 valign_top type_default stacking_default\" style=\"--custom-columns:1fr 4fr 1fr \"><div class=\"wpb_column vc_column_container\"><div class=\"vc_column-inner\"><\/div><\/div><div class=\"wpb_column vc_column_container\"><div class=\"vc_column-inner\"><div class=\"wpb_text_column\"><div class=\"wpb_wrapper\"><h2>Willkommen in der <strong> Residence Elettra <\/strong> am Idro.<\/h2>\n<\/div><\/div><div class=\"wpb_text_column\"><div class=\"wpb_wrapper\"><h3>Die Familie Righetti ist bereit, Sie in der Residence Elettra willkommen zu hei\u00dfen, um Ihren Urlaub zum unvergesslichen Erlebnis zu machen.<\/h3>\n<\/div><\/div><div class=\"w-separator size_small with_line width_50 thick_1 style_solid color_border align_left\"><div class=\"w-separator-h\"><\/div><\/div><div class=\"wpb_text_column\"><div class=\"wpb_wrapper\"><p>Die Residence Elettra liegt auf einem kleinen <span><b>H\u00fcgel mitten im Gr\u00fcnen im<\/b><\/span> Weiler Pieve Vecchia di Idro, einem charmanten Dorf direkt am Ufer des Idrosees im Valle Sabbia (Provinz Brescia).<br \/>\nIhre privilegierte Lage garantiert einen Urlaub, der besonders <span><b>f\u00fcr Familien und alle Natur- und Sportbegeisterte geeignet<\/b><\/span> ist: Lassen Sie sich vom Wandern, Mountainbiken, Schwimmen, Windsurfen oder einer gem\u00fctlichen <span><b>Bootsfahrt<\/b><\/span> in einer famili\u00e4ren, ruhigen und entspannenden Umgebung begeistern!<\/p>\n<\/div><\/div><div class=\"w-hwrapper hide_on_mobiles valign_middle align_none\" style=\"--hwrapper-gap:1rem\"><div class=\"w-btn-wrapper align_none\"><a class=\"w-btn us-btn-style_2\" href=\"http:\/\/www.residence-elettra.it\/de\/infos-und-leistungen\/\"><span class=\"w-btn-label\">All unsere Leistungen<\/span><\/a><\/div><div class=\"w-btn-wrapper align_none\"><a class=\"w-btn us-btn-style_2\" href=\"http:\/\/www.residence-elettra.it\/de\/lage\/\"><span class=\"w-btn-label\">Lage<\/span><\/a><\/div><div class=\"w-btn-wrapper align_none\"><a class=\"w-btn us-btn-style_2\" href=\"http:\/\/www.residence-elettra.it\/#richiestade\"><span class=\"w-btn-label\">Verf\u00fcgbarkeit pr\u00fcfen<\/span><\/a><\/div><div class=\"w-btn-wrapper align_none\"><a class=\"w-btn us-btn-style_5\" target=\"_blank\" href=\"https:\/\/book.octorate.com\/octobook\/site\/reservation\/index.xhtml?codice=96264\"><span class=\"w-btn-label\">Buchen<\/span><\/a><\/div><\/div><div class=\"w-vwrapper hide_on_default hide_on_laptops hide_on_tablets align_center valign_middle\" style=\"--vwrapper-gap:0.5rem\"><div class=\"w-btn-wrapper align_justify\"><a class=\"w-btn us-btn-style_2\" href=\"http:\/\/www.residence-elettra.it\/de\/infos-und-leistungen\/\"><span class=\"w-btn-label\">All unsere Leistungen<\/span><\/a><\/div><div class=\"w-btn-wrapper align_justify\"><a class=\"w-btn us-btn-style_2\" href=\"http:\/\/www.residence-elettra.it\/de\/lage\/\"><span class=\"w-btn-label\">Lage<\/span><\/a><\/div><div class=\"w-btn-wrapper align_justify\"><a class=\"w-btn us-btn-style_2\" href=\"http:\/\/www.residence-elettra.it\/#richiestade\"><span class=\"w-btn-label\">Verf\u00fcgbarkeit pr\u00fcfen<\/span><\/a><\/div><div class=\"w-btn-wrapper align_none\"><a class=\"w-btn us-btn-style_5\" target=\"_blank\" href=\"https:\/\/book.octorate.com\/octobook\/site\/reservation\/index.xhtml?codice=96264\"><span class=\"w-btn-label\">Buchen<\/span><\/a><\/div><\/div><\/div><\/div><div class=\"wpb_column vc_column_container\"><div class=\"vc_column-inner\"><\/div><\/div><\/div><\/div><\/section><section class=\"l-section wpb_row height_large color_alternate\"><div class=\"l-section-h i-cf\"><div class=\"g-cols vc_row via_grid cols_1 laptops-cols_inherit tablets-cols_inherit mobiles-cols_1 valign_top type_default stacking_default\"><div class=\"wpb_column vc_column_container\"><div class=\"vc_column-inner\"><div class=\"wpb_text_column\"><div class=\"wpb_wrapper\"><h2>Entdecken Sie unsere <strong> Apartments in Idro <\/strong><\/h2>\n<\/div><\/div><div class=\"w-separator size_small\"><\/div><div class=\"g-cols wpb_row via_grid cols_3 laptops-cols_inherit tablets-cols_inherit mobiles-cols_1 valign_top type_default stacking_default\" style=\"--columns-gap:3rem;\"><div class=\"wpb_column vc_column_container\"><div class=\"vc_column-inner\"><div class=\"w-image us_custom_447bff20 align_none\"><div class=\"w-image-h\"><img decoding=\"async\" width=\"1280\" height=\"853\" src=\"https:\/\/www.residence-elettra.it\/wp-content\/uploads\/2023\/08\/OND04845-1280x853.jpg\" class=\"attachment-us_1280_853_crop size-us_1280_853_crop\" alt=\"\" loading=\"lazy\" srcset=\"https:\/\/www.residence-elettra.it\/wp-content\/uploads\/2023\/08\/OND04845-1280x853.jpg 1280w, https:\/\/www.residence-elettra.it\/wp-content\/uploads\/2023\/08\/OND04845-300x200.jpg 300w, https:\/\/www.residence-elettra.it\/wp-content\/uploads\/2023\/08\/OND04845-1024x683.jpg 1024w, https:\/\/www.residence-elettra.it\/wp-content\/uploads\/2023\/08\/OND04845-600x400.jpg 600w, https:\/\/www.residence-elettra.it\/wp-content\/uploads\/2023\/08\/OND04845.jpg 1920w\" sizes=\"auto, (max-width: 1280px) 100vw, 1280px\" \/><\/div><\/div><div class=\"w-separator size_small\"><\/div><div class=\"wpb_text_column\"><div class=\"wpb_wrapper\"><h4>Basic<\/h4>\n<p>40 m\u00b2 gro\u00dfes Zweizimmerapartment \u2013 maximal 6 Personen<\/p>\n<\/div><\/div><div class=\"w-btn-wrapper align_none\"><a class=\"w-btn us-btn-style_1\" href=\"http:\/\/www.residence-elettra.it\/de\/appartements\/\"><span class=\"w-btn-label\">Im Einzelnen<\/span><\/a><\/div><\/div><\/div><div class=\"wpb_column vc_column_container\"><div class=\"vc_column-inner\"><div class=\"w-image us_custom_447bff20 align_none\"><div class=\"w-image-h\"><img decoding=\"async\" width=\"1280\" height=\"853\" src=\"https:\/\/www.residence-elettra.it\/wp-content\/uploads\/2023\/08\/OND04603-1-1280x853.jpg\" class=\"attachment-us_1280_853_crop size-us_1280_853_crop\" alt=\"\" loading=\"lazy\" srcset=\"https:\/\/www.residence-elettra.it\/wp-content\/uploads\/2023\/08\/OND04603-1-1280x853.jpg 1280w, https:\/\/www.residence-elettra.it\/wp-content\/uploads\/2023\/08\/OND04603-1-300x200.jpg 300w, https:\/\/www.residence-elettra.it\/wp-content\/uploads\/2023\/08\/OND04603-1-1024x683.jpg 1024w, https:\/\/www.residence-elettra.it\/wp-content\/uploads\/2023\/08\/OND04603-1-600x400.jpg 600w, https:\/\/www.residence-elettra.it\/wp-content\/uploads\/2023\/08\/OND04603-1.jpg 1920w\" sizes=\"auto, (max-width: 1280px) 100vw, 1280px\" \/><\/div><\/div><div class=\"w-separator size_small\"><\/div><div class=\"wpb_text_column\"><div class=\"wpb_wrapper\"><h4>Zweizimmerapartment Comfort<\/h4>\n<p>40 m\u00b2 gro\u00dfes Zweizimmerapartment \u2013 maximal 6 Personen<\/p>\n<\/div><\/div><div class=\"w-btn-wrapper align_none\"><a class=\"w-btn us-btn-style_1\" href=\"http:\/\/www.residence-elettra.it\/de\/appartements\/\"><span class=\"w-btn-label\">Im Einzelnen<\/span><\/a><\/div><\/div><\/div><div class=\"wpb_column vc_column_container\"><div class=\"vc_column-inner\"><div class=\"w-image us_custom_447bff20 align_none\"><div class=\"w-image-h\"><img decoding=\"async\" width=\"1280\" height=\"853\" src=\"https:\/\/www.residence-elettra.it\/wp-content\/uploads\/2023\/10\/Comfort-Trilocale-14-1280x853.jpg\" class=\"attachment-us_1280_853_crop size-us_1280_853_crop\" alt=\"\" loading=\"lazy\" srcset=\"https:\/\/www.residence-elettra.it\/wp-content\/uploads\/2023\/10\/Comfort-Trilocale-14-1280x853.jpg 1280w, https:\/\/www.residence-elettra.it\/wp-content\/uploads\/2023\/10\/Comfort-Trilocale-14-300x200.jpg 300w, https:\/\/www.residence-elettra.it\/wp-content\/uploads\/2023\/10\/Comfort-Trilocale-14-1024x683.jpg 1024w, https:\/\/www.residence-elettra.it\/wp-content\/uploads\/2023\/10\/Comfort-Trilocale-14-600x400.jpg 600w, https:\/\/www.residence-elettra.it\/wp-content\/uploads\/2023\/10\/Comfort-Trilocale-14.jpg 1920w\" sizes=\"auto, (max-width: 1280px) 100vw, 1280px\" \/><\/div><\/div><div class=\"w-separator size_small\"><\/div><div class=\"wpb_text_column\"><div class=\"wpb_wrapper\"><h4>Dreizimmerapartment Comfort<\/h4>\n<p>60 m\u00b2 gro\u00dfes Dreizimmerapartment \u2013 maximal 6 Personen<\/p>\n<\/div><\/div><div class=\"w-btn-wrapper align_none\"><a class=\"w-btn us-btn-style_1\" href=\"http:\/\/www.residence-elettra.it\/de\/appartements\/\"><span class=\"w-btn-label\">Im Einzelnen<\/span><\/a><\/div><\/div><\/div><\/div><\/div><\/div><\/div><\/div><\/section><section class=\"l-section wpb_row height_medium full_height valign_center with_img\"><div class=\"l-section-img\" role=\"img\" data-img-width=\"1920\" data-img-height=\"1281\" style=\"background-image: url(https:\/\/www.residence-elettra.it\/wp-content\/uploads\/2023\/08\/OND04933.jpg);background-repeat: no-repeat;\"><\/div><div class=\"l-section-overlay\" style=\"background:linear-gradient(280deg,rgba(0,0,0,0.00),rgba(0,0,0,0.45))\"><\/div><div class=\"l-section-h i-cf\"><div class=\"g-cols vc_row via_grid cols_1 laptops-cols_inherit tablets-cols_inherit mobiles-cols_1 valign_top type_default stacking_default\"><div class=\"wpb_column vc_column_container\"><div class=\"vc_column-inner\"><div class=\"wpb_text_column us_custom_fb3cb971 has_text_color\"><div class=\"wpb_wrapper\"><h2><strong>Residenz mit Schwimmbad<\/strong><\/h2>\n<\/div><\/div><div class=\"wpb_text_column us_custom_32594200 has_text_color\"><div class=\"wpb_wrapper\"><p>Garten mit Schwimmbad, Solarium, Grill und Tischtennis.<\/p>\n<\/div><\/div><div class=\"w-btn-wrapper align_none\"><a class=\"w-btn us-btn-style_1\" href=\"http:\/\/www.residence-elettra.it\/de\/infos-und-leistungen\/\"><span class=\"w-btn-label\">All unsere Leistungen ansehen<\/span><\/a><\/div><\/div><\/div><\/div><\/div><\/section>\n","protected":false},"excerpt":{"rendered":"Ferienwohnungen am Idrosee Willkommen in der Residence Elettra am Idro. Die Familie Righetti ist bereit, Sie in der Residence Elettra willkommen zu hei\u00dfen, um Ihren Urlaub zum unvergesslichen Erlebnis zu machen. Die Residence Elettra liegt auf einem kleinen H\u00fcgel mitten im Gr\u00fcnen im Weiler Pieve Vecchia di Idro, einem charmanten Dorf direkt am Ufer des...","protected":false},"author":1,"featured_media":0,"parent":0,"menu_order":0,"comment_status":"closed","ping_status":"open","template":"","meta":{"inline_featured_image":false,"footnotes":""},"class_list":["post-586","page","type-page","status-publish","hentry"],"_links":{"self":[{"href":"https:\/\/www.residence-elettra.it\/de\/wp-json\/wp\/v2\/pages\/586","targetHints":{"allow":["GET"]}}],"collection":[{"href":"https:\/\/www.residence-elettra.it\/de\/wp-json\/wp\/v2\/pages"}],"about":[{"href":"https:\/\/www.residence-elettra.it\/de\/wp-json\/wp\/v2\/types\/page"}],"author":[{"embeddable":true,"href":"https:\/\/www.residence-elettra.it\/de\/wp-json\/wp\/v2\/users\/1"}],"replies":[{"embeddable":true,"href":"https:\/\/www.residence-elettra.it\/de\/wp-json\/wp\/v2\/comments?post=586"}],"version-history":[{"count":4,"href":"https:\/\/www.residence-elettra.it\/de\/wp-json\/wp\/v2\/pages\/586\/revisions"}],"predecessor-version":[{"id":617,"href":"https:\/\/www.residence-elettra.it\/de\/wp-json\/wp\/v2\/pages\/586\/revisions\/617"}],"wp:attachment":[{"href":"https:\/\/www.residence-elettra.it\/de\/wp-json\/wp\/v2\/media?parent=586"}],"curies":[{"name":"wp","href":"https:\/\/api.w.org\/{rel}","templated":true}]}}